{"id":1002,"date":"2018-05-22T18:03:48","date_gmt":"2018-05-22T18:03:48","guid":{"rendered":"https:\/\/avm.hr\/politika-kolacica\/"},"modified":"2018-09-10T20:26:53","modified_gmt":"2018-09-10T20:26:53","slug":"cookie-policy","status":"publish","type":"page","link":"https:\/\/avm.hr\/en\/cookie-policy\/","title":{"rendered":"Cookie policy"},"content":{"rendered":"<p>[vc_row][vc_column][vc_column_text]<strong>Cookie policy<\/strong><\/p>\n<p>In order for this site to work properly, in order to be able to further improve the site, to improve your browsing experience, this page must save a small amount of information (Cookies) on your computer. Over 90% of all websites use this practice, but according to EU regulations since March 25, 2011. we are obliged to request your consent before saving Cookie. By using the website, you agree to use Cookie. By blocking cookies you can still browse the page, but some of its features will not be available to you.<\/p>\n<p><strong>What is a cookie?<\/strong><\/p>\n<p>The cookie information is saved to your computer by the web site you visit. Cookies usually save your settings, web settings, such as your preferred language or address. Later, when you open the same web page again, the internet browser sends back the cookies that belong to that page. This allows the page to display information tailored to your needs.<\/p>\n<p>Cookies can store a wide range of information including personal information (such as your name or e-mail address). However, this information can only be saved if you allow it &#8211; the websites cannot access the information that you have not provided them and cannot access other files on your computer. Default activity for saving and sending cookies is not visible to you. However, you can change your Internet browser settings so you can choose for yourself whether or not to approve or reject cookie requests, delete cookies automatically when you close your internet browser and the like.<\/p>\n<p><strong>How to disable cookies<\/strong><\/p>\n<p>By turning off cookies, you decide whether to allow cookies to be stored on your computer. Cookie settings can be controlled and configured in your web browser. For information about the cookie settings, select the web browser you are using \u2022\u00a0<a href=\"https:\/\/www.google.com\/intl\/en\/chrome\/browser\/\">Chrome<\/a>\u00a0\u2022\u00a0<a href=\"http:\/\/www.mozilla.org\/en-US\/firefox\/new\/\">Firefox<\/a>\u00a0\u2022\u00a0<a href=\"http:\/\/windows.microsoft.com\/en-us\/internet-explorer\/downloads\/ie-9\/worldwide-languages\">Internet Explorer 9<\/a>\u00a0\u2022\u00a0<a href=\"http:\/\/www.microsoft.com\/en-us\/download\/internet-explorer-7-details.aspx\">Internet Explorer 7 i 8<\/a>\u00a0\u2022 <a href=\"http:\/\/www.opera.com\/computer\/windows\">Opera<\/a>\u00a0(English Page) \u2022\u00a0<a href=\"http:\/\/www.apple.com\/safari\/\">Safari<\/a> (English Page). If you disable cookies, you will not be able to use some of the functionality on the web pages.<\/p>\n<p><strong>What are Temporary Cookies?<\/strong><\/p>\n<p>Temporary cookies or cookies are removed from your computer when you close your browser. With them, websites store temporary information, such as items in a shopping cart.<\/p>\n<p><strong>What are permanent cookies?<\/strong><\/p>\n<p>Permanent or saved cookies remain on your computer after you close the Internet browser program. With them, websites store information such as login name and password, so you do not have to sign in for each visit to a particular location. Permanent cookies will remain on your computer for days, months, even years.<\/p>\n<p><strong>What are cookies from the first page?<\/strong><\/p>\n<p>First-party cookies come from the sites you&#8217;re watching and can be permanent or temporary. With these cookies, sites can store the data they will use again when they visit the site.<\/p>\n<p><strong>What are third-party cookies?<\/strong><\/p>\n<p>Third-party cookies come from ads from other sites (such as pop or other ads) that are on the site you&#8217;re watching. With these cookies, websites can track the use of the Internet for marketing purposes.<\/p>\n<p><strong>Does Avm.hr use cookies?<\/strong><\/p>\n<p>Yes, with the primary goal of making our websites better for you.<\/p>\n<p><strong>What kind of cookies does avm.hr use and why?<\/strong><\/p>\n<ul>\n<li>Temporary cookies &#8211; these are temporary cookies that point out (and are automatically deleted) when you close the Internet browser. We use session cookies to allow access to content and allow commenting (things you must do when logging in with your web page information).<\/li>\n<li>Persistent cookies &#8211; usually you have a date expiring far into the future and will stay in your browser until it expires, or until you delete them manually. We use permanent cookies for functionalities such as the &#8220;Stay logged in&#8221; tickbox, which makes it easier for users to access as a registered user. We also use durable cookies to better understand user habits so that we can improve the website according to your habits. This information is anonymous &#8211; we do not see individual user information.<\/li>\n<\/ul>\n<p><strong>Does the website have third-party cookies?<\/strong><\/p>\n<p>There are several external services that save cookies to a user. These cookies are not set up by this site, but some serve the normal functioning of certain features that make it easier for users to access content. We currently allow:<\/p>\n<ul>\n<li><strong>Measurement of attendance<\/strong><\/li>\n<\/ul>\n<p>Avm.hr uses the service for measuring attendance, that is Google analytics<\/p>\n<p>If you want to prevent the specified service from saving cookies, you can block it from the following link:<\/p>\n<ul>\n<li>Google Analytics &#8211; https:\/\/tools.google.com\/ dlpage \/ gaoptout<\/li>\n<\/ul>\n<p><strong>More information about turning off cookies<\/strong><\/p>\n<p>There are currently several websites to exclude cookies for various services.<\/p>\n<p>You can read more at the following links:<\/p>\n<p>http:\/\/www.allaboutcookies.org\/<\/p>\n<p>http:\/\/www.youronlinechoices.eu\/<\/p>\n<p><strong>Do you have questions about the cookie policy?<\/strong><\/p>\n<p>If you have questions about the cookie policy for this or your own web, please contact us via our online contact form.<\/p>\n<p><strong>Strictly necessary cookies<\/strong><\/p>\n<p>These cookies are used in some of the following cases:<\/p>\n<ul>\n<li>Remember login information and secure a secure login.<\/li>\n<li>Remember your task or progress of the transaction.<\/li>\n<li>Remember where you came with your order.<\/li>\n<\/ul>\n<p><strong>Perform an Analytics to optimize site functionality.<\/strong><\/p>\n<p>These cookies are used in some of the following cases:<\/p>\n<ul>\n<li>Performs analytics to optimize site functionality.<\/li>\n<li>They provide you with offers or interest-based ads.<\/li>\n<li>Allows you to share social networking sites.<\/li>\n<li>Allows you to post comments.<\/li>\n<\/ul>\n<p>[\/vc_column_text][\/vc_column][\/vc_row]<\/p>\n","protected":false},"excerpt":{"rendered":"<p>[vc_row][vc_column][vc_column_text]Cookie policy In order for this site to work properly, in order to be able to further improve the site, to improve your browsing experience, this<span class=\"excerpt-hellip\"> [\u2026]<\/span><\/p>\n","protected":false},"author":3,"featured_media":0,"parent":0,"menu_order":0,"comment_status":"closed","ping_status":"closed","template":"","meta":{"spay_email":"","footnotes":""},"class_list":["post-1002","page","type-page","status-publish","hentry"],"yoast_head":"<!-- This site is optimized with the Yoast SEO Premium plugin v15.3 - https:\/\/yoast.com\/wordpress\/plugins\/seo\/ -->\n<title>Cookie policy | AVM.hr<\/title>\n<meta name=\"robots\" content=\"index, follow, max-snippet:-1, max-image-preview:large, max-video-preview:-1\" \/>\n<link rel=\"canonical\" href=\"https:\/\/avm.hr\/en\/cookie-policy\/\" \/>\n<meta property=\"og:locale\" content=\"en_US\" \/>\n<meta property=\"og:type\" content=\"article\" \/>\n<meta property=\"og:title\" content=\"Cookie policy | AVM.hr\" \/>\n<meta property=\"og:description\" content=\"[vc_row][vc_column][vc_column_text]Cookie policy In order for this site to work properly, in order to be able to further improve the site, to improve your browsing experience, this [\u2026]\" \/>\n<meta property=\"og:url\" content=\"https:\/\/avm.hr\/en\/cookie-policy\/\" \/>\n<meta property=\"og:site_name\" content=\"AVM.hr\" \/>\n<meta property=\"article:publisher\" content=\"https:\/\/www.facebook.com\/avm.hr\/\" \/>\n<meta property=\"article:modified_time\" content=\"2018-09-10T20:26:53+00:00\" \/>\n<meta name=\"twitter:card\" content=\"summary\" \/>\n<meta name=\"twitter:label1\" content=\"Written by\">\n\t<meta name=\"twitter:data1\" content=\"marior\">\n\t<meta name=\"twitter:label2\" content=\"Est. reading time\">\n\t<meta name=\"twitter:data2\" content=\"4 minutes\">\n<script type=\"application\/ld+json\" class=\"yoast-schema-graph\">{\"@context\":\"https:\/\/schema.org\",\"@graph\":[{\"@type\":\"WebSite\",\"@id\":\"https:\/\/avm.hr\/#website\",\"url\":\"https:\/\/avm.hr\/\",\"name\":\"AVM.hr\",\"description\":\"Automatska klizna vrata i servis za vrata | AVM d.o.o.\",\"potentialAction\":[{\"@type\":\"SearchAction\",\"target\":\"https:\/\/avm.hr\/?s={search_term_string}\",\"query-input\":\"required name=search_term_string\"}],\"inLanguage\":\"en-US\"},{\"@type\":\"WebPage\",\"@id\":\"https:\/\/avm.hr\/en\/cookie-policy\/#webpage\",\"url\":\"https:\/\/avm.hr\/en\/cookie-policy\/\",\"name\":\"Cookie policy | AVM.hr\",\"isPartOf\":{\"@id\":\"https:\/\/avm.hr\/#website\"},\"datePublished\":\"2018-05-22T18:03:48+00:00\",\"dateModified\":\"2018-09-10T20:26:53+00:00\",\"inLanguage\":\"en-US\",\"potentialAction\":[{\"@type\":\"ReadAction\",\"target\":[\"https:\/\/avm.hr\/en\/cookie-policy\/\"]}]}]}<\/script>\n<!-- \/ Yoast SEO Premium plugin. -->","jetpack_sharing_enabled":true,"jetpack_shortlink":"https:\/\/wp.me\/P9fJC2-ga","jetpack_likes_enabled":true,"jetpack-related-posts":[{"id":657,"url":"https:\/\/avm.hr\/politika-kolacica\/","url_meta":{"origin":1002,"position":0},"title":"Politika kola\u010di\u0107a","date":"May 22, 2018","format":false,"excerpt":"[vc_row][vc_column][vc_column_text]Politika kola\u010di\u0107a Kako bi ova web stranica radila pravilno, kako bismo bili u stanju vr\u0161iti daljnja unaprje\u0111enja stranice, u svrhu pobolj\u0161avanja va\u0161ega iskustva pregledavanja, ova stranica mora na va\u0161e ra\u010dunalo spremiti malenu koli\u010dinu informacija (Cookies). Preko 90 % svih web stranica koristi ovu praksu no prema regulacijama Europske unije od\u2026","rel":"","context":"Similar post","img":{"alt_text":"","src":"","width":0,"height":0},"classes":[]},{"id":1003,"url":"https:\/\/avm.hr\/en\/privacy-policy\/","url_meta":{"origin":1002,"position":1},"title":"Privacy Policy","date":"May 22, 2018","format":false,"excerpt":"[vc_row][vc_column][vc_column_text]WE SAVE YOUR PRIVACY AND ARE YOUR DATA YOUR SAFETY The owner of these websites is AVM d.o.o. Your data will be processed for the purpose of sending information about our offers, news, events and in all emails, you have the option of leaving the list of recipients. Pursuant to\u2026","rel":"","context":"Similar post","img":{"alt_text":"","src":"","width":0,"height":0},"classes":[]},{"id":656,"url":"https:\/\/avm.hr\/politika-privatnosti\/","url_meta":{"origin":1002,"position":2},"title":"Politika privatnosti","date":"May 22, 2018","format":false,"excerpt":"Politika privatnosti \u2013 Izjava o za\u0161titi privatnosti PO\u0160TUJEMO VA\u0160U PRIVATNOST I ZATO SU VA\u0160I PODACI KOD NAS SIGURNI Vlasnik ovih web stranica je\u00a0tvrtka AVM d.o.o. Va\u0161i podaci obra\u0111ivat \u0107e se u svrhu slanja informacija o na\u0161im ponudama, novostima i doga\u0111anjima, te\u00a0u svim mailovima imate mogu\u0107nost odjave s liste primatelja. Sukladno\u2026","rel":"","context":"Similar post","img":{"alt_text":"","src":"","width":0,"height":0},"classes":[]},{"id":804,"url":"https:\/\/avm.hr\/en\/doors-for-hospitals\/","url_meta":{"origin":1002,"position":3},"title":"Hospital doors","date":"August 30, 2017","format":false,"excerpt":"[vc_row][vc_column width=\"1\/2\"][vc_column_text] Hospital doors and clean rooms They are used for cleanroom rooms in hospitals, laboratories and other facilities where high hygiene requirements and infection control are concerned. Hermetic sliding doors are specially designed for use in clean rooms. Hermetic sliding door system is specially designed for use in areas\u2026","rel":"","context":"Similar post","img":{"alt_text":"","src":"","width":0,"height":0},"classes":[]}],"_links":{"self":[{"href":"https:\/\/avm.hr\/en\/wp-json\/wp\/v2\/pages\/1002","targetHints":{"allow":["GET"]}}],"collection":[{"href":"https:\/\/avm.hr\/en\/wp-json\/wp\/v2\/pages"}],"about":[{"href":"https:\/\/avm.hr\/en\/wp-json\/wp\/v2\/types\/page"}],"author":[{"embeddable":true,"href":"https:\/\/avm.hr\/en\/wp-json\/wp\/v2\/users\/3"}],"replies":[{"embeddable":true,"href":"https:\/\/avm.hr\/en\/wp-json\/wp\/v2\/comments?post=1002"}],"version-history":[{"count":2,"href":"https:\/\/avm.hr\/en\/wp-json\/wp\/v2\/pages\/1002\/revisions"}],"predecessor-version":[{"id":1008,"href":"https:\/\/avm.hr\/en\/wp-json\/wp\/v2\/pages\/1002\/revisions\/1008"}],"wp:attachment":[{"href":"https:\/\/avm.hr\/en\/wp-json\/wp\/v2\/media?parent=1002"}],"curies":[{"name":"wp","href":"https:\/\/api.w.org\/{rel}","templated":true}]}}